{"id":276,"date":"2021-12-09T09:11:36","date_gmt":"2021-12-09T09:11:36","guid":{"rendered":"https:\/\/sidickallalade.com\/blog\/"},"modified":"2021-12-09T12:06:17","modified_gmt":"2021-12-09T12:06:17","slug":"blogue","status":"publish","type":"page","link":"https:\/\/sidickallalade.com\/fr\/blogue\/","title":{"rendered":"Blogue"},"content":{"rendered":"\t\t<div data-elementor-type=\"wp-page\" data-elementor-id=\"276\" class=\"elementor elementor-276 elementor-264\" data-elementor-post-type=\"page\">\n\t\t\t\t\t\t<section class=\"elementor-section elementor-top-section elementor-element elementor-element-2d6aab66 elementor-section-height-min-height elementor-section-content-middle elementor-section-boxed elementor-section-height-default elementor-section-items-middle\" data-id=\"2d6aab66\" data-element_type=\"section\" data-e-type=\"section\" data-settings=\"{&quot;background_background&quot;:&quot;classic&quot;}\">\n\t\t\t\t\t\t<div class=\"elementor-container elementor-column-gap-default\">\n\t\t\t\t\t<div class=\"elementor-column elementor-col-100 elementor-top-column elementor-element elementor-element-4ce50994\" data-id=\"4ce50994\" data-element_type=\"column\" data-e-type=\"column\">\n\t\t\t<div class=\"elementor-widget-wrap elementor-element-populated\">\n\t\t\t\t\t\t\t<\/div>\n\t\t<\/div>\n\t\t\t\t\t<\/div>\n\t\t<\/section>\n\t\t\t\t<section class=\"elementor-section elementor-top-section elementor-element elementor-element-36e7130 elementor-section-content-top elementor-section-boxed elementor-section-height-default elementor-section-height-default\" data-id=\"36e7130\" data-element_type=\"section\" data-e-type=\"section\">\n\t\t\t\t\t\t<div class=\"elementor-container elementor-column-gap-no\">\n\t\t\t\t\t<div class=\"elementor-column elementor-col-33 elementor-top-column elementor-element elementor-element-7588750 elementor-hidden-tablet elementor-hidden-mobile\" data-id=\"7588750\" data-element_type=\"column\" data-e-type=\"column\" data-settings=\"{&quot;background_background&quot;:&quot;classic&quot;}\">\n\t\t\t<div class=\"elementor-widget-wrap elementor-element-populated\">\n\t\t\t\t\t\t<div class=\"elementor-element elementor-element-b5f52d0 elementor-widget elementor-widget-heading\" data-id=\"b5f52d0\" data-element_type=\"widget\" data-e-type=\"widget\" data-widget_type=\"heading.default\">\n\t\t\t\t<div class=\"elementor-widget-container\">\n\t\t\t\t\t<h2 class=\"elementor-heading-title elementor-size-default\">Articles populaires<\/h2>\t\t\t\t<\/div>\n\t\t\t\t<\/div>\n\t\t\t\t<div class=\"elementor-element elementor-element-c59b36a elementor-grid-1 elementor-grid-tablet-1 elementor-grid-mobile-1 elementor-posts--thumbnail-top elementor-widget elementor-widget-posts\" data-id=\"c59b36a\" data-element_type=\"widget\" data-e-type=\"widget\" data-settings=\"{&quot;classic_columns&quot;:&quot;1&quot;,&quot;classic_columns_tablet&quot;:&quot;1&quot;,&quot;classic_columns_mobile&quot;:&quot;1&quot;,&quot;classic_row_gap&quot;:{&quot;unit&quot;:&quot;px&quot;,&quot;size&quot;:35,&quot;sizes&quot;:[]},&quot;classic_row_gap_tablet&quot;:{&quot;unit&quot;:&quot;px&quot;,&quot;size&quot;:&quot;&quot;,&quot;sizes&quot;:[]},&quot;classic_row_gap_mobile&quot;:{&quot;unit&quot;:&quot;px&quot;,&quot;size&quot;:&quot;&quot;,&quot;sizes&quot;:[]}}\" data-widget_type=\"posts.classic\">\n\t\t\t\t<div class=\"elementor-widget-container\">\n\t\t\t\t\t\t\t<div class=\"elementor-posts-container elementor-posts elementor-posts--skin-classic elementor-grid\">\n\t\t\t\t<article class=\"elementor-post elementor-grid-item post-572 post type-post status-publish format-standard has-post-thumbnail hentry category-externe\">\n\t\t\t\t<a class=\"elementor-post__thumbnail__link\" href=\"https:\/\/sidickallalade.com\/fr\/referencement-web-avec-pages-jaunes-mythes-ou-realites\/\" tabindex=\"-1\" >\n\t\t\t<div class=\"elementor-post__thumbnail\"><img fetchpriority=\"high\" decoding=\"async\" width=\"300\" height=\"169\" src=\"https:\/\/sidickallalade.com\/wp-content\/uploads\/2022\/08\/293091-300x169.jpg\" class=\"attachment-medium size-medium wp-image-573\" alt=\"\" srcset=\"https:\/\/sidickallalade.com\/wp-content\/uploads\/2022\/08\/293091-300x169.jpg 300w, https:\/\/sidickallalade.com\/wp-content\/uploads\/2022\/08\/293091-1024x576.jpg 1024w, https:\/\/sidickallalade.com\/wp-content\/uploads\/2022\/08\/293091-768x432.jpg 768w, https:\/\/sidickallalade.com\/wp-content\/uploads\/2022\/08\/293091-1536x864.jpg 1536w, https:\/\/sidickallalade.com\/wp-content\/uploads\/2022\/08\/293091.jpg 1920w\" sizes=\"(max-width: 300px) 100vw, 300px\" \/><\/div>\n\t\t<\/a>\n\t\t\t\t<div class=\"elementor-post__text\">\n\t\t\t\t<h3 class=\"elementor-post__title\">\n\t\t\t<a href=\"https:\/\/sidickallalade.com\/fr\/referencement-web-avec-pages-jaunes-mythes-ou-realites\/\" >\n\t\t\t\tR\u00e9f\u00e9rencement web avec pages jaunes mythes ou realit\u00e9s?\t\t\t<\/a>\n\t\t<\/h3>\n\t\t\n\t\t<a class=\"elementor-post__read-more\" href=\"https:\/\/sidickallalade.com\/fr\/referencement-web-avec-pages-jaunes-mythes-ou-realites\/\" aria-label=\"En savoir plus sur R\u00e9f\u00e9rencement web avec pages jaunes mythes ou realit\u00e9s?\" tabindex=\"-1\" >\n\t\t\tRead More . . .\t\t<\/a>\n\n\t\t\t\t<\/div>\n\t\t\t\t<\/article>\n\t\t\t\t<article class=\"elementor-post elementor-grid-item post-568 post type-post status-publish format-standard has-post-thumbnail hentry category-externe\">\n\t\t\t\t<a class=\"elementor-post__thumbnail__link\" href=\"https:\/\/sidickallalade.com\/fr\/quest-ce-quune-analyse-de-referencement-web-seo-2\/\" tabindex=\"-1\" >\n\t\t\t<div class=\"elementor-post__thumbnail\"><img decoding=\"async\" width=\"300\" height=\"169\" src=\"https:\/\/sidickallalade.com\/wp-content\/uploads\/2022\/08\/781843-300x169.jpg\" class=\"attachment-medium size-medium wp-image-569\" alt=\"\" srcset=\"https:\/\/sidickallalade.com\/wp-content\/uploads\/2022\/08\/781843-300x169.jpg 300w, https:\/\/sidickallalade.com\/wp-content\/uploads\/2022\/08\/781843-1024x576.jpg 1024w, https:\/\/sidickallalade.com\/wp-content\/uploads\/2022\/08\/781843-768x432.jpg 768w, https:\/\/sidickallalade.com\/wp-content\/uploads\/2022\/08\/781843-1536x864.jpg 1536w, https:\/\/sidickallalade.com\/wp-content\/uploads\/2022\/08\/781843.jpg 1920w\" sizes=\"(max-width: 300px) 100vw, 300px\" \/><\/div>\n\t\t<\/a>\n\t\t\t\t<div class=\"elementor-post__text\">\n\t\t\t\t<h3 class=\"elementor-post__title\">\n\t\t\t<a href=\"https:\/\/sidickallalade.com\/fr\/quest-ce-quune-analyse-de-referencement-web-seo-2\/\" >\n\t\t\t\tQu\u2019est ce qu\u2019une analyse de r\u00e9f\u00e9rencement web seo?\t\t\t<\/a>\n\t\t<\/h3>\n\t\t\n\t\t<a class=\"elementor-post__read-more\" href=\"https:\/\/sidickallalade.com\/fr\/quest-ce-quune-analyse-de-referencement-web-seo-2\/\" aria-label=\"En savoir plus sur Qu\u2019est ce qu\u2019une analyse de r\u00e9f\u00e9rencement web seo?\" tabindex=\"-1\" >\n\t\t\tRead More . . .\t\t<\/a>\n\n\t\t\t\t<\/div>\n\t\t\t\t<\/article>\n\t\t\t\t<article class=\"elementor-post elementor-grid-item post-564 post type-post status-publish format-standard has-post-thumbnail hentry category-externe\">\n\t\t\t\t<a class=\"elementor-post__thumbnail__link\" href=\"https:\/\/sidickallalade.com\/fr\/astuces-pour-obtenir-des-backlinks-gratuitement\/\" tabindex=\"-1\" >\n\t\t\t<div class=\"elementor-post__thumbnail\"><img decoding=\"async\" width=\"300\" height=\"169\" src=\"https:\/\/sidickallalade.com\/wp-content\/uploads\/2022\/08\/978185-300x169.jpg\" class=\"attachment-medium size-medium wp-image-565\" alt=\"\" srcset=\"https:\/\/sidickallalade.com\/wp-content\/uploads\/2022\/08\/978185-300x169.jpg 300w, https:\/\/sidickallalade.com\/wp-content\/uploads\/2022\/08\/978185-1024x576.jpg 1024w, https:\/\/sidickallalade.com\/wp-content\/uploads\/2022\/08\/978185-768x432.jpg 768w, https:\/\/sidickallalade.com\/wp-content\/uploads\/2022\/08\/978185-1536x864.jpg 1536w, https:\/\/sidickallalade.com\/wp-content\/uploads\/2022\/08\/978185.jpg 1920w\" sizes=\"(max-width: 300px) 100vw, 300px\" \/><\/div>\n\t\t<\/a>\n\t\t\t\t<div class=\"elementor-post__text\">\n\t\t\t\t<h3 class=\"elementor-post__title\">\n\t\t\t<a href=\"https:\/\/sidickallalade.com\/fr\/astuces-pour-obtenir-des-backlinks-gratuitement\/\" >\n\t\t\t\tAstuces pour obtenir des backlinks gratuitement\t\t\t<\/a>\n\t\t<\/h3>\n\t\t\n\t\t<a class=\"elementor-post__read-more\" href=\"https:\/\/sidickallalade.com\/fr\/astuces-pour-obtenir-des-backlinks-gratuitement\/\" aria-label=\"En savoir plus sur Astuces pour obtenir des backlinks gratuitement\" tabindex=\"-1\" >\n\t\t\tRead More . . .\t\t<\/a>\n\n\t\t\t\t<\/div>\n\t\t\t\t<\/article>\n\t\t\t\t<article class=\"elementor-post elementor-grid-item post-556 post type-post status-publish format-standard has-post-thumbnail hentry category-externe\">\n\t\t\t\t<a class=\"elementor-post__thumbnail__link\" href=\"https:\/\/sidickallalade.com\/fr\/pourquoi-avez-vous-besoin-de-google-ads\/\" tabindex=\"-1\" >\n\t\t\t<div class=\"elementor-post__thumbnail\"><img loading=\"lazy\" decoding=\"async\" width=\"300\" height=\"169\" src=\"https:\/\/sidickallalade.com\/wp-content\/uploads\/2022\/08\/962105-300x169.jpg\" class=\"attachment-medium size-medium wp-image-562\" alt=\"\" srcset=\"https:\/\/sidickallalade.com\/wp-content\/uploads\/2022\/08\/962105-300x169.jpg 300w, https:\/\/sidickallalade.com\/wp-content\/uploads\/2022\/08\/962105-1024x576.jpg 1024w, https:\/\/sidickallalade.com\/wp-content\/uploads\/2022\/08\/962105-768x432.jpg 768w, https:\/\/sidickallalade.com\/wp-content\/uploads\/2022\/08\/962105-1536x864.jpg 1536w, https:\/\/sidickallalade.com\/wp-content\/uploads\/2022\/08\/962105.jpg 1920w\" sizes=\"(max-width: 300px) 100vw, 300px\" \/><\/div>\n\t\t<\/a>\n\t\t\t\t<div class=\"elementor-post__text\">\n\t\t\t\t<h3 class=\"elementor-post__title\">\n\t\t\t<a href=\"https:\/\/sidickallalade.com\/fr\/pourquoi-avez-vous-besoin-de-google-ads\/\" >\n\t\t\t\tPourquoi avez-vous besoin de google ads ?\t\t\t<\/a>\n\t\t<\/h3>\n\t\t\n\t\t<a class=\"elementor-post__read-more\" href=\"https:\/\/sidickallalade.com\/fr\/pourquoi-avez-vous-besoin-de-google-ads\/\" aria-label=\"En savoir plus sur Pourquoi avez-vous besoin de google ads ?\" tabindex=\"-1\" >\n\t\t\tRead More . . .\t\t<\/a>\n\n\t\t\t\t<\/div>\n\t\t\t\t<\/article>\n\t\t\t\t<article class=\"elementor-post elementor-grid-item post-551 post type-post status-publish format-standard has-post-thumbnail hentry category-externe\">\n\t\t\t\t<a class=\"elementor-post__thumbnail__link\" href=\"https:\/\/sidickallalade.com\/fr\/15-bonnes-pratiques-techniques-pour-rendre-vote-site-plus-visible\/\" tabindex=\"-1\" >\n\t\t\t<div class=\"elementor-post__thumbnail\"><img loading=\"lazy\" decoding=\"async\" width=\"300\" height=\"169\" src=\"https:\/\/sidickallalade.com\/wp-content\/uploads\/2022\/08\/172155-300x169.png\" class=\"attachment-medium size-medium wp-image-553\" alt=\"\" srcset=\"https:\/\/sidickallalade.com\/wp-content\/uploads\/2022\/08\/172155-300x169.png 300w, https:\/\/sidickallalade.com\/wp-content\/uploads\/2022\/08\/172155-1024x576.png 1024w, https:\/\/sidickallalade.com\/wp-content\/uploads\/2022\/08\/172155-768x432.png 768w, https:\/\/sidickallalade.com\/wp-content\/uploads\/2022\/08\/172155-1536x864.png 1536w, https:\/\/sidickallalade.com\/wp-content\/uploads\/2022\/08\/172155.png 1920w\" sizes=\"(max-width: 300px) 100vw, 300px\" \/><\/div>\n\t\t<\/a>\n\t\t\t\t<div class=\"elementor-post__text\">\n\t\t\t\t<h3 class=\"elementor-post__title\">\n\t\t\t<a href=\"https:\/\/sidickallalade.com\/fr\/15-bonnes-pratiques-techniques-pour-rendre-vote-site-plus-visible\/\" >\n\t\t\t\t15 bonnes pratiques techniques pour rendre vote site plus visible\t\t\t<\/a>\n\t\t<\/h3>\n\t\t\n\t\t<a class=\"elementor-post__read-more\" href=\"https:\/\/sidickallalade.com\/fr\/15-bonnes-pratiques-techniques-pour-rendre-vote-site-plus-visible\/\" aria-label=\"En savoir plus sur 15 bonnes pratiques techniques pour rendre vote site plus visible\" tabindex=\"-1\" >\n\t\t\tRead More . . .\t\t<\/a>\n\n\t\t\t\t<\/div>\n\t\t\t\t<\/article>\n\t\t\t\t<\/div>\n\t\t\n\t\t\t\t\t\t<\/div>\n\t\t\t\t<\/div>\n\t\t\t\t\t<\/div>\n\t\t<\/div>\n\t\t\t\t<div class=\"elementor-column elementor-col-66 elementor-top-column elementor-element elementor-element-62e62c5\" data-id=\"62e62c5\" data-element_type=\"column\" data-e-type=\"column\">\n\t\t\t<div class=\"elementor-widget-wrap elementor-element-populated\">\n\t\t\t\t\t\t<div class=\"elementor-element elementor-element-adefdf0 elementor-grid-1 elementor-posts--thumbnail-top elementor-grid-tablet-2 elementor-grid-mobile-1 elementor-widget elementor-widget-posts\" data-id=\"adefdf0\" data-element_type=\"widget\" data-e-type=\"widget\" data-settings=\"{&quot;custom_columns&quot;:&quot;1&quot;,&quot;custom_columns_tablet&quot;:&quot;2&quot;,&quot;custom_columns_mobile&quot;:&quot;1&quot;,&quot;custom_row_gap&quot;:{&quot;unit&quot;:&quot;px&quot;,&quot;size&quot;:35,&quot;sizes&quot;:[]},&quot;custom_row_gap_tablet&quot;:{&quot;unit&quot;:&quot;px&quot;,&quot;size&quot;:&quot;&quot;,&quot;sizes&quot;:[]},&quot;custom_row_gap_mobile&quot;:{&quot;unit&quot;:&quot;px&quot;,&quot;size&quot;:&quot;&quot;,&quot;sizes&quot;:[]}}\" data-widget_type=\"posts.custom\">\n\t\t\t\t<div class=\"elementor-widget-container\">\n\t\t\t\t\t      <div class=\"ecs-posts elementor-posts-container elementor-posts   elementor-grid elementor-posts--skin-custom\" data-settings=\"{&quot;current_page&quot;:1,&quot;max_num_pages&quot;:0,&quot;load_method&quot;:&quot;&quot;,&quot;widget_id&quot;:&quot;adefdf0&quot;,&quot;post_id&quot;:551,&quot;theme_id&quot;:276,&quot;change_url&quot;:false,&quot;reinit_js&quot;:false}\">\n      <div class=\"elementor-posts-nothing-found\"><\/div>\t\t<\/div>\n\t\t\t\t\t\t<\/div>\n\t\t\t\t<\/div>\n\t\t\t\t\t<\/div>\n\t\t<\/div>\n\t\t\t\t\t<\/div>\n\t\t<\/section>\n\t\t\t\t<\/div>\n\t\t","protected":false},"excerpt":{"rendered":"<p>Articles populaires<\/p>\n","protected":false},"author":1,"featured_media":0,"parent":0,"menu_order":0,"comment_status":"closed","ping_status":"closed","template":"elementor_header_footer","meta":{"footnotes":""},"class_list":["post-276","page","type-page","status-publish","hentry"],"yoast_head":"<!-- This site is optimized with the Yoast SEO Premium plugin v17.7 (Yoast SEO v27.3) - https:\/\/yoast.com\/product\/yoast-seo-premium-wordpress\/ -->\n<title>Blogue - Sidick Allalade<\/title>\n<meta name=\"robots\" content=\"index, follow, max-snippet:-1, max-image-preview:large, max-video-preview:-1\" \/>\n<link rel=\"canonical\" href=\"https:\/\/sidickallalade.com\/fr\/blogue\/\" \/>\n<meta property=\"og:locale\" content=\"fr_FR\" \/>\n<meta property=\"og:type\" content=\"article\" \/>\n<meta property=\"og:title\" content=\"Blogue\" \/>\n<meta property=\"og:description\" content=\"Articles populaires\" \/>\n<meta property=\"og:url\" content=\"https:\/\/sidickallalade.com\/fr\/blogue\/\" \/>\n<meta property=\"og:site_name\" content=\"Sidick Allalade\" \/>\n<meta property=\"article:modified_time\" content=\"2021-12-09T12:06:17+00:00\" \/>\n<meta name=\"twitter:card\" content=\"summary_large_image\" \/>\n<meta name=\"twitter:label1\" content=\"Dur\u00e9e de lecture estim\u00e9e\" \/>\n\t<meta name=\"twitter:data1\" content=\"5 minutes\" \/>\n<script type=\"application\/ld+json\" class=\"yoast-schema-graph\">{\"@context\":\"https:\\\/\\\/schema.org\",\"@graph\":[{\"@type\":\"WebPage\",\"@id\":\"https:\\\/\\\/sidickallalade.com\\\/fr\\\/blogue\\\/\",\"url\":\"https:\\\/\\\/sidickallalade.com\\\/fr\\\/blogue\\\/\",\"name\":\"Blogue - Sidick Allalade\",\"isPartOf\":{\"@id\":\"https:\\\/\\\/sidickallalade.com\\\/fr\\\/#website\"},\"datePublished\":\"2021-12-09T09:11:36+00:00\",\"dateModified\":\"2021-12-09T12:06:17+00:00\",\"breadcrumb\":{\"@id\":\"https:\\\/\\\/sidickallalade.com\\\/fr\\\/blogue\\\/#breadcrumb\"},\"inLanguage\":\"fr-FR\",\"potentialAction\":[{\"@type\":\"ReadAction\",\"target\":[\"https:\\\/\\\/sidickallalade.com\\\/fr\\\/blogue\\\/\"]}]},{\"@type\":\"BreadcrumbList\",\"@id\":\"https:\\\/\\\/sidickallalade.com\\\/fr\\\/blogue\\\/#breadcrumb\",\"itemListElement\":[{\"@type\":\"ListItem\",\"position\":1,\"name\":\"Home\",\"item\":\"https:\\\/\\\/sidickallalade.com\\\/fr\\\/\"},{\"@type\":\"ListItem\",\"position\":2,\"name\":\"Blogue\"}]},{\"@type\":\"WebSite\",\"@id\":\"https:\\\/\\\/sidickallalade.com\\\/fr\\\/#website\",\"url\":\"https:\\\/\\\/sidickallalade.com\\\/fr\\\/\",\"name\":\"Sidick Allalade\",\"description\":\"\",\"publisher\":{\"@id\":\"https:\\\/\\\/sidickallalade.com\\\/fr\\\/#\\\/schema\\\/person\\\/9f5359267cf79bcf02fa438f47b5eb9b\"},\"potentialAction\":[{\"@type\":\"SearchAction\",\"target\":{\"@type\":\"EntryPoint\",\"urlTemplate\":\"https:\\\/\\\/sidickallalade.com\\\/fr\\\/?s={search_term_string}\"},\"query-input\":{\"@type\":\"PropertyValueSpecification\",\"valueRequired\":true,\"valueName\":\"search_term_string\"}}],\"inLanguage\":\"fr-FR\"},{\"@type\":[\"Person\",\"Organization\"],\"@id\":\"https:\\\/\\\/sidickallalade.com\\\/fr\\\/#\\\/schema\\\/person\\\/9f5359267cf79bcf02fa438f47b5eb9b\",\"name\":\"Sidick Allalade\",\"image\":{\"@type\":\"ImageObject\",\"inLanguage\":\"fr-FR\",\"@id\":\"https:\\\/\\\/sidickallalade.com\\\/wp-content\\\/uploads\\\/2021\\\/12\\\/favicon.png\",\"url\":\"https:\\\/\\\/sidickallalade.com\\\/wp-content\\\/uploads\\\/2021\\\/12\\\/favicon.png\",\"contentUrl\":\"https:\\\/\\\/sidickallalade.com\\\/wp-content\\\/uploads\\\/2021\\\/12\\\/favicon.png\",\"width\":512,\"height\":513,\"caption\":\"Sidick Allalade\"},\"logo\":{\"@id\":\"https:\\\/\\\/sidickallalade.com\\\/wp-content\\\/uploads\\\/2021\\\/12\\\/favicon.png\"},\"sameAs\":[\"http:\\\/\\\/oshara.ca\"]}]}<\/script>\n<!-- \/ Yoast SEO Premium plugin. -->","yoast_head_json":{"title":"Blogue - Sidick Allalade","robots":{"index":"index","follow":"follow","max-snippet":"max-snippet:-1","max-image-preview":"max-image-preview:large","max-video-preview":"max-video-preview:-1"},"canonical":"https:\/\/sidickallalade.com\/fr\/blogue\/","og_locale":"fr_FR","og_type":"article","og_title":"Blogue","og_description":"Articles populaires","og_url":"https:\/\/sidickallalade.com\/fr\/blogue\/","og_site_name":"Sidick Allalade","article_modified_time":"2021-12-09T12:06:17+00:00","twitter_card":"summary_large_image","twitter_misc":{"Dur\u00e9e de lecture estim\u00e9e":"5 minutes"},"schema":{"@context":"https:\/\/schema.org","@graph":[{"@type":"WebPage","@id":"https:\/\/sidickallalade.com\/fr\/blogue\/","url":"https:\/\/sidickallalade.com\/fr\/blogue\/","name":"Blogue - Sidick Allalade","isPartOf":{"@id":"https:\/\/sidickallalade.com\/fr\/#website"},"datePublished":"2021-12-09T09:11:36+00:00","dateModified":"2021-12-09T12:06:17+00:00","breadcrumb":{"@id":"https:\/\/sidickallalade.com\/fr\/blogue\/#breadcrumb"},"inLanguage":"fr-FR","potentialAction":[{"@type":"ReadAction","target":["https:\/\/sidickallalade.com\/fr\/blogue\/"]}]},{"@type":"BreadcrumbList","@id":"https:\/\/sidickallalade.com\/fr\/blogue\/#breadcrumb","itemListElement":[{"@type":"ListItem","position":1,"name":"Home","item":"https:\/\/sidickallalade.com\/fr\/"},{"@type":"ListItem","position":2,"name":"Blogue"}]},{"@type":"WebSite","@id":"https:\/\/sidickallalade.com\/fr\/#website","url":"https:\/\/sidickallalade.com\/fr\/","name":"Sidick Allalade","description":"","publisher":{"@id":"https:\/\/sidickallalade.com\/fr\/#\/schema\/person\/9f5359267cf79bcf02fa438f47b5eb9b"},"potentialAction":[{"@type":"SearchAction","target":{"@type":"EntryPoint","urlTemplate":"https:\/\/sidickallalade.com\/fr\/?s={search_term_string}"},"query-input":{"@type":"PropertyValueSpecification","valueRequired":true,"valueName":"search_term_string"}}],"inLanguage":"fr-FR"},{"@type":["Person","Organization"],"@id":"https:\/\/sidickallalade.com\/fr\/#\/schema\/person\/9f5359267cf79bcf02fa438f47b5eb9b","name":"Sidick Allalade","image":{"@type":"ImageObject","inLanguage":"fr-FR","@id":"https:\/\/sidickallalade.com\/wp-content\/uploads\/2021\/12\/favicon.png","url":"https:\/\/sidickallalade.com\/wp-content\/uploads\/2021\/12\/favicon.png","contentUrl":"https:\/\/sidickallalade.com\/wp-content\/uploads\/2021\/12\/favicon.png","width":512,"height":513,"caption":"Sidick Allalade"},"logo":{"@id":"https:\/\/sidickallalade.com\/wp-content\/uploads\/2021\/12\/favicon.png"},"sameAs":["http:\/\/oshara.ca"]}]}},"_links":{"self":[{"href":"https:\/\/sidickallalade.com\/fr\/wp-json\/wp\/v2\/pages\/276","targetHints":{"allow":["GET"]}}],"collection":[{"href":"https:\/\/sidickallalade.com\/fr\/wp-json\/wp\/v2\/pages"}],"about":[{"href":"https:\/\/sidickallalade.com\/fr\/wp-json\/wp\/v2\/types\/page"}],"author":[{"embeddable":true,"href":"https:\/\/sidickallalade.com\/fr\/wp-json\/wp\/v2\/users\/1"}],"replies":[{"embeddable":true,"href":"https:\/\/sidickallalade.com\/fr\/wp-json\/wp\/v2\/comments?post=276"}],"version-history":[{"count":12,"href":"https:\/\/sidickallalade.com\/fr\/wp-json\/wp\/v2\/pages\/276\/revisions"}],"predecessor-version":[{"id":497,"href":"https:\/\/sidickallalade.com\/fr\/wp-json\/wp\/v2\/pages\/276\/revisions\/497"}],"wp:attachment":[{"href":"https:\/\/sidickallalade.com\/fr\/wp-json\/wp\/v2\/media?parent=276"}],"curies":[{"name":"wp","href":"https:\/\/api.w.org\/{rel}","templated":true}]}}